

{"id":70,"date":"2023-06-02T16:35:11","date_gmt":"2023-06-02T14:35:11","guid":{"rendered":"https:\/\/project.inria.fr\/mentoratloria\/?page_id=70"},"modified":"2025-01-30T09:13:29","modified_gmt":"2025-01-30T08:13:29","slug":"commission","status":"publish","type":"page","link":"https:\/\/mentorat.loria.fr\/en\/commission\/","title":{"rendered":"Committee"},"content":{"rendered":"\n<ul class=\"wp-block-list\"><li>Maxime Amblard &#8211; Professeur &#8211; D4 &#8211; Universit\u00e9 de Lorraine<\/li><li>Sylvain Contassot-Vivier &#8211; Professeur &#8211; D3 &#8211; Universit\u00e9 de Lorraine<\/li><li>Bernard Girau &#8211; Professeur &#8211; D5 &#8211; Universit\u00e9 de Lorraine<\/li><li>Steve Kremer &#8211; Directeur de Recherche &#8211; D2 &#8211; Inria Nancy &#8211; Grand Est<\/li><li>Marine Minier &#8211; Professeur &#8211; D1 &#8211; Universit\u00e9 de Lorraine<\/li><li><\/li><\/ul>\n\n\n\n<p><strong>Former members<\/strong><\/p>\n\n\n\n<ul>\n<li>Monique Teillaud &#8211; Directrice de Recherche &#8211; D1 &#8211; Inria Nancy &#8211; Grand Est<\/li>\n<\/ul>\n\n","protected":false},"excerpt":{"rendered":"<p>Maxime Amblard &#8211; Professeur &#8211; D4 &#8211; Universit\u00e9 de Lorraine Sylvain Contassot-Vivier &#8211; Professeur &#8211; D3 &#8211; Universit\u00e9 de Lorraine Bernard Girau &#8211; Professeur &#8211; D5 &#8211; Universit\u00e9 de Lorraine Steve Kremer &#8211; Directeur de Recherche &#8211; D2 &#8211; Inria Nancy &#8211; Grand Est Marine Minier &#8211; Professeur &#8211; D1\u2026<\/p>\n<p> <a class=\"continue-reading-link\" href=\"https:\/\/mentorat.loria.fr\/en\/commission\/\"><span>Continue reading<\/span><i class=\"crycon-right-dir\"><\/i><\/a> <\/p>\n","protected":false},"author":1990,"featured_media":0,"parent":0,"menu_order":0,"comment_status":"closed","ping_status":"closed","template":"","meta":{"footnotes":""},"class_list":["post-70","page","type-page","status-publish","hentry"],"_links":{"self":[{"href":"https:\/\/mentorat.loria.fr\/en\/wp-json\/wp\/v2\/pages\/70","targetHints":{"allow":["GET"]}}],"collection":[{"href":"https:\/\/mentorat.loria.fr\/en\/wp-json\/wp\/v2\/pages"}],"about":[{"href":"https:\/\/mentorat.loria.fr\/en\/wp-json\/wp\/v2\/types\/page"}],"author":[{"embeddable":true,"href":"https:\/\/mentorat.loria.fr\/en\/wp-json\/wp\/v2\/users\/1990"}],"replies":[{"embeddable":true,"href":"https:\/\/mentorat.loria.fr\/en\/wp-json\/wp\/v2\/comments?post=70"}],"version-history":[{"count":21,"href":"https:\/\/mentorat.loria.fr\/en\/wp-json\/wp\/v2\/pages\/70\/revisions"}],"predecessor-version":[{"id":292,"href":"https:\/\/mentorat.loria.fr\/en\/wp-json\/wp\/v2\/pages\/70\/revisions\/292"}],"wp:attachment":[{"href":"https:\/\/mentorat.loria.fr\/en\/wp-json\/wp\/v2\/media?parent=70"}],"curies":[{"name":"wp","href":"https:\/\/api.w.org\/{rel}","templated":true}]}}